{"id":2112,"date":"2025-08-21T16:42:38","date_gmt":"2025-08-21T20:42:38","guid":{"rendered":"https:\/\/rvipro.ca\/?page_id=2112"},"modified":"2025-11-14T13:15:34","modified_gmt":"2025-11-14T18:15:34","slug":"about","status":"publish","type":"page","link":"https:\/\/rvipro.ca\/en\/about\/","title":{"rendered":"About"},"content":{"rendered":"\n<div class=\"wp-block-group relative z-1 has-blanc-color has-noir-vers-bleu-fonce-gradient-background has-text-color has-background has-link-color wp-elements-bfa798a66bdb58186fc32c6d4ce6151b is-layout-flow wp-block-group-is-layout-flow\">\r\n\n\n<div class=\"wp-block-group overflow-clip is-layout-flow wp-block-group-is-layout-flow\" style=\"padding-top:var(--wp--preset--spacing--3-xl);padding-bottom:var(--wp--preset--spacing--4-xl)\">\n<div class=\"wp-block-group wrapper --md-only-left is-layout-flow wp-block-group-is-layout-flow\">\n<div class=\"wp-block-group grid md:grid-cols-[5fr_2fr] relative gap-x-20 is-layout-flow wp-block-group-is-layout-flow\">\n<div class=\"wp-block-group is-content-justification-left is-layout-constrained wp-container-core-group-is-layout-dd462403 wp-block-group-is-layout-constrained\">\n<h1 class=\"wp-block-heading has-8-4-font-size\" style=\"font-style:normal;font-weight:500\">A passionate team dedicated to your safety.<\/h1>\n\n\n\n<h2 class=\"wp-block-heading md:pl-10 has-brun-color has-text-color has-link-color has-4-2-font-size wp-elements-1d9e6084e57fd2db045b13f903d8d718\" style=\"margin-bottom:var(--wp--preset--spacing--l);font-style:normal;font-weight:500\">Our mission: to ensure your home&#8217;s safety and improve your indoor air quality, while providing you with personalized advice.<\/h2>\n\n\n\n<p class=\"has-1-font-size\">Based in Saint-Jean and proudly serving clients across Quebec, our team specializes in chimney sweeping, chimney inspection, and duct cleaning. We\u2019re committed to delivering professional, fast, and personalized service every time. <\/p>\n\n\n\n<p class=\"has-1-font-size\">Backed by years of experience, we\u2019ve earned our reputation through trust, attention to detail, and a genuine dedication to customer satisfaction.<\/p>\n<\/div>\n\n\n\n<svg class=\"absolute md:relative top-3 opacity-10 md:opacity-100 w-[40vw] h-auto md:w-auto right-[-60px] wp-block-blocs-reactif-svg\" xmlns=\"http:\/\/www.w3.org\/2000\/svg\" width=\"436\" height=\"701\" viewBox=\"0 0 436 701\" fill=\"hsla(41, 18%, 66%, 1)\">\n  <path d=\"M232.244 0.221039V267.323C232.244 334.099 343.564 350.217 343.564 350.217V83.1148C343.564 16.3393 232.244 0.221039 232.244 0.221039Z\" fill=\"hsla(41, 18%, 66%, 1)\"><\/path>\n  <path d=\"M455.454 700.788V433.686C455.454 366.911 344.134 350.793 344.134 350.793V617.895C344.134 684.67 455.454 700.788 455.454 700.788Z\" fill=\"hsla(41, 18%, 66%, 1)\"><\/path>\n  <path d=\"M687.7 236.813H425.505C359.956 236.813 344.134 350.217 344.134 350.217H606.329C671.878 350.217 687.7 236.813 687.7 236.813Z\" fill=\"hsla(41, 18%, 66%, 1)\"><\/path>\n  <path d=\"M0 464.196H262.195C327.744 464.196 343.566 350.793 343.566 350.793H81.371C15.8221 350.793 0 464.196 0 464.196Z\" fill=\"hsla(41, 18%, 66%, 1)\"><\/path>\n  <path d=\"M665.662 517.731L480.317 328.918C433.981 281.714 344.134 350.792 344.134 350.792L529.479 539.606C575.815 586.809 665.662 517.731 665.662 517.731Z\" fill=\"hsla(41, 18%, 66%, 1)\"><\/path>\n  <path d=\"M22.04 183.278L207.385 372.092C253.721 419.295 343.568 350.217 343.568 350.217L158.223 161.403C111.887 114.2 22.04 183.278 22.04 183.278Z\" fill=\"hsla(41, 18%, 66%, 1)\"><\/path>\n  <path d=\"M179.695 678.338L365.04 489.524C411.376 442.321 343.567 350.793 343.567 350.793L158.222 539.606C111.886 586.809 179.695 678.338 179.695 678.338Z\" fill=\"hsla(41, 18%, 66%, 1)\"><\/path>\n  <path d=\"M508.003 22.6716L322.658 211.485C276.322 258.688 344.131 350.217 344.131 350.217L529.476 161.403C575.813 114.2 508.003 22.6716 508.003 22.6716Z\" fill=\"hsla(41, 18%, 66%, 1)\"><\/path>\n<\/svg>\n<\/div>\n<\/div>\n<\/div>\n\n\n\n\r\n\n\n<div style=\"background-image:url(&apos;https:\/\/rvipro.ca\/wp-content\/uploads\/2025\/11\/wood-logs-burning-in-fireplace-close-up-2025-02-25-06-32-36-utc-1.avif&apos;);background-size:cover;background-repeat:no-repeat;background-attachment:scroll;background-position:79.35% 40.66%;\" class=\"wp-block-group overflow-clip rounded-t-[50px] rotating-texts has-brun-color has-text-color has-link-color wp-elements-0194a90b66dedf496218f9e5c93424bf is-layout-flow wp-block-group-is-layout-flow\">\n<div class=\"wp-block-group wrapper relative is-layout-flow wp-block-group-is-layout-flow\" style=\"padding-top:var(--wp--preset--spacing--5-xl);padding-bottom:var(--wp--preset--spacing--5-xl)\">\n<h2 class=\"wp-block-heading has-text-align-center has-9-4-font-size\" style=\"margin-top:var(--wp--preset--spacing--3-xs);margin-bottom:var(--wp--preset--spacing--3-xs)\">Safety<\/h2>\n\n\n\n<h2 class=\"wp-block-heading has-text-align-center has-9-4-font-size\" style=\"margin-top:var(--wp--preset--spacing--3-xs);margin-bottom:var(--wp--preset--spacing--3-xs)\">Transparency<\/h2>\n\n\n\n<h2 class=\"wp-block-heading has-text-align-center has-9-4-font-size\" style=\"margin-top:var(--wp--preset--spacing--3-xs);margin-bottom:var(--wp--preset--spacing--3-xs)\">Professionalism<\/h2>\n<\/div>\n<\/div>\n\n<\/div>\n\r\n\n\n<div class=\"wp-block-group has-blanc-vers-beige-v-two-gradient-background has-background is-layout-flow wp-block-group-is-layout-flow\" style=\"padding-top:var(--wp--preset--spacing--5-xl);padding-bottom:var(--wp--preset--spacing--6-xl)\">\n<div class=\"wp-block-group wrapper is-layout-flow wp-block-group-is-layout-flow\">\n<div class=\"wp-block-group relative is-layout-constrained wp-container-core-group-is-layout-0fd79507 wp-block-group-is-layout-constrained\" style=\"margin-bottom:var(--wp--preset--spacing--2-xl)\">\n<h2 class=\"wp-block-heading has-text-align-center relative z-1 has-rouge-color has-text-color has-link-color has-1-font-size wp-elements-c4460796f51f6aa624e2b6cb88d9b5f3\" id=\"h-nos-certifications\" style=\"font-style:normal;font-weight:700\">Our Certifications<\/h2>\n\n\n\n<h3 class=\"wp-block-heading has-text-align-center relative z-1 has-6-4-font-size\" id=\"h-nous-sommes-certifie\" style=\"margin-top:var(--wp--preset--spacing--xs)\">We are certified<\/h3>\n\n\n\n<p class=\"has-text-align-center relative z-1 has-1-0-font-size\">In Quebec, chimney sweeping and inspection are regulated, and certain certifications are recommended or required\u2014particularly by insurance companies<\/p>\n\n\n\n<svg class=\"w-[20vw] max-w-[300px] absolute! bottom-[-150%] right-[10%] z-0 sm:!block hidden wp-block-blocs-reactif-svg\" xmlns=\"http:\/\/www.w3.org\/2000\/svg\" width=\"388\" height=\"952\" viewBox=\"0 0 388 952\" fill=\"hsla(0, 0%, 100%, 1)\">\n  <path d=\"M92.6217 915.359C92.6217 915.359 33.6426 762.366 213.323 546.659C393.004 330.264 366.943 145.57 250.357 0.84668C250.357 0.84668 309.336 153.84 129.655 369.546C-50.0255 585.941 -23.9649 769.946 92.6217 915.359Z\" fill=\"hsla(0, 0%, 100%, 1)\"><\/path>\n  <path d=\"M370.372 397.112C351.169 458.447 314.822 523.917 258.586 592.144C104.966 777.527 126.226 916.048 135.827 951.884C133.769 928.453 133.084 829.903 261.329 720.327C389.574 610.751 408.777 498.418 370.372 397.801V397.112Z\" fill=\"hsla(0, 0%, 100%, 1)\"><\/path>\n<\/svg>\n<\/div>\n\n\n<div class=\"wp-block-group grid grid-cols-[repeat(auto-fit,_minmax(220px,_1fr))] gap-x-8 gap-y-4 z-1 xl:top-[100px] relative  align grid grid-cols-[repeat(auto-fit,_minmax(220px,_1fr))] gap-x-8 gap-y-4 z-1 xl:top-[100px] relative  wp-block-blocs-reactif-groupe-certifications\">\r\n    \n\n<div data-aos=\"fade-up\" data-aos=\"fade-up\" class=\"wp-block-group certification rounded-3xl flex flex-col h-[-webkit-fill-available] has-blanc-color has-rouge-background-color has-text-color has-background has-link-color wp-elements-d6e52345f74029465a69224747271333 is-layout-flow wp-block-group-is-layout-flow is-linked\" style=\"padding-top:var(--wp--preset--spacing--l);padding-right:var(--wp--preset--spacing--l);padding-bottom:var(--wp--preset--spacing--l);padding-left:var(--wp--preset--spacing--l)\" data-aos=\"fade-up\" data-aos-delay=\"0\" data-aos-duration=\"400\" data-aos-once=\"true\" data-aos-mirror=\"false\" data-aos-offset=\"120\"><a class=\"wp-block-group__link\" href=\"https:\/\/poelesfoyers.ca\/\" target=\"_blank\" rel=\"noopener noreferrer\" aria-hidden=\"true\" tabindex=\"-1\">&nbsp;<\/a>\n<h2 class=\"wp-block-heading wrap-break-word has-3-1-font-size\" id=\"h-certification-de-l-apc\" style=\"margin-bottom:0;font-style:normal;font-weight:700\">APC Certification<\/h2>\n\n\n\n<p class=\"has-beige-color has-text-color has-link-color wp-elements-927675c71f9a3e5c91f2f456cd080fb6\">Association des Professionnels du Chauffage (Heating Professionals Association)<\/p>\n\n\n\n<figure class=\"wp-block-image size-large\" style=\"margin-top:var(--wp--preset--spacing--auto)\"><img loading=\"lazy\" decoding=\"async\" width=\"33\" height=\"33\" src=\"https:\/\/rvipro.ca\/wp-content\/uploads\/2025\/11\/component-1.svg\" alt=\"\" class=\"wp-image-502\"\/><\/figure>\n<\/div>\n\n\n\n\n<div data-aos=\"fade-up\" data-aos=\"fade-up\" class=\"wp-block-group certification rounded-3xl flex flex-col h-[-webkit-fill-available] xl:bottom-[100px] relative has-blanc-color has-rouge-background-color has-text-color has-background has-link-color wp-elements-f84f695aad3325aaba0ba502e2409ba2 is-layout-flow wp-block-group-is-layout-flow is-linked\" style=\"padding-top:var(--wp--preset--spacing--l);padding-right:var(--wp--preset--spacing--l);padding-bottom:var(--wp--preset--spacing--l);padding-left:var(--wp--preset--spacing--l)\" data-aos=\"fade-up\" data-aos-delay=\"0\" data-aos-duration=\"400\" data-aos-once=\"true\" data-aos-mirror=\"false\" data-aos-offset=\"120\"><a class=\"wp-block-group__link\" href=\"https:\/\/www.incv.info\/\" target=\"_blank\" rel=\"noopener noreferrer\" aria-hidden=\"true\" tabindex=\"-1\">&nbsp;<\/a>\n<h2 class=\"wp-block-heading wrap-break-word has-3-1-font-size\" id=\"h-incv\" style=\"margin-bottom:0;font-style:normal;font-weight:700\">INCV<\/h2>\n\n\n\n<p class=\"has-beige-color has-text-color has-link-color wp-elements-43b17639dca3802effca0d297588411f\">Institut des nettoyeurs de conduits de ventilation (Institute of Ventilation Duct Cleaners)<\/p>\n\n\n\n<figure class=\"wp-block-image size-large\" style=\"margin-top:var(--wp--preset--spacing--auto)\"><img loading=\"lazy\" decoding=\"async\" width=\"33\" height=\"33\" src=\"https:\/\/rvipro.ca\/wp-content\/uploads\/2025\/11\/component-1.svg\" alt=\"\" class=\"wp-image-502\"\/><\/figure>\n<\/div>\n\n\n\n\n<div data-aos=\"fade-up\" data-aos=\"fade-up\" class=\"wp-block-group certification rounded-3xl flex flex-col h-[-webkit-fill-available] has-blanc-color has-rouge-background-color has-text-color has-background has-link-color wp-elements-d478b604868113e488af652b267cfe15 is-layout-flow wp-block-group-is-layout-flow is-linked\" style=\"padding-top:var(--wp--preset--spacing--l);padding-right:var(--wp--preset--spacing--l);padding-bottom:var(--wp--preset--spacing--l);padding-left:var(--wp--preset--spacing--l)\" data-aos=\"fade-up\" data-aos-delay=\"0\" data-aos-duration=\"400\" data-aos-once=\"true\" data-aos-mirror=\"false\" data-aos-offset=\"120\"><a class=\"wp-block-group__link\" href=\"https:\/\/www.rbq.gouv.qc.ca\/\" target=\"_blank\" rel=\"noopener noreferrer\" aria-hidden=\"true\" tabindex=\"-1\">&nbsp;<\/a>\n<h2 class=\"wp-block-heading wrap-break-word has-3-1-font-size\" id=\"h-certification-rbq-a-venir\" style=\"margin-bottom:0;font-style:normal;font-weight:700\">RBQ Certification (Coming soon)<\/h2>\n\n\n\n<p class=\"has-beige-color has-text-color has-link-color wp-elements-12cad2339c570aa8b7adc4d3ef7d059c\">R\u00e9gie du b\u00e2timent du Qu\u00e9bec (Quebec Building Authority)<\/p>\n\n\n\n<figure class=\"wp-block-image size-large\" style=\"margin-top:var(--wp--preset--spacing--auto)\"><img loading=\"lazy\" decoding=\"async\" width=\"33\" height=\"33\" src=\"https:\/\/rvipro.ca\/wp-content\/uploads\/2025\/11\/component-1.svg\" alt=\"\" class=\"wp-image-502\"\/><\/figure>\n<\/div>\n\n\n\r\n<\/div><\/div>\n<\/div>\n\n\n<div class=\"wp-block-group has-brun-color has-noir-bleute-background-color has-text-color has-background has-link-color wp-elements-e439e5a3ced03ad7c9f955ada830460c is-layout-flow wp-block-group-is-layout-flow\" style=\"padding-top:var(--wp--preset--spacing--3-xl);padding-bottom:var(--wp--preset--spacing--3-xl)\">\n<div class=\"wp-block-group wrapper is-layout-flow wp-block-group-is-layout-flow\"><div class=\"groupe-citations wp-block-group grid lg:grid-cols-[1fr_1fr_1fr] sm:grid-cols-[1fr_1fr] justify-between gap-x-10 gap-y-15 align grid lg:grid-cols-[1fr_1fr_1fr] sm:grid-cols-[1fr_1fr] justify-between gap-x-10 gap-y-15 wp-block-blocs-reactif-groupe-citations\">\r\n    \n\n\n<div data-aos=\"fade-right\" data-aos-offset=\"0\" class=\"wp-block-group flex flex-col is-layout-flow wp-block-group-is-layout-flow\">\n<figure class=\"wp-block-image size-full is-resized\"><img decoding=\"async\" src=\"https:\/\/rvipro.ca\/wp-content\/uploads\/2025\/08\/group-24.svg\" alt=\"\" class=\"wp-image-573\" style=\"width:20px\"\/><\/figure>\n\n\n\n<h2 class=\"wp-block-heading has-1-font-size\" id=\"h-impeccable-service\" style=\"font-weight:700\">Impeccable service!<\/h2>\n\n\n\n<p class=\"has-1-font-size\" style=\"margin-top:0;margin-bottom:var(--wp--preset--spacing--m)\">The RVI team arrived on time, super professional and very respectful of our home. The sweeping was carried out quickly and without damage. I recommend it without hesitation!<\/p>\n\n\n\n<h3 class=\"wp-block-heading has-0-font-size\" id=\"h-elise-montclair\" style=\"margin-top:var(--wp--preset--spacing--auto);margin-bottom:0\"><strong>\u00c9lise Montclair<\/strong><\/h3>\n<\/div>\n\n\n\n\n\n<div data-aos=\"fade-right\" data-aos-delay=\"100\" data-aos-offset=\"0\" class=\"wp-block-group flex flex-col is-layout-flow wp-block-group-is-layout-flow\">\n<figure class=\"wp-block-image size-full is-resized\"><img decoding=\"async\" src=\"https:\/\/rvipro.ca\/wp-content\/uploads\/2025\/08\/group-24.svg\" alt=\"\" class=\"wp-image-573\" style=\"width:20px\"\/><\/figure>\n\n\n\n<h2 class=\"wp-block-heading has-1-font-size\" id=\"h-we-breathe-in-the-difference\" style=\"font-style:normal;font-weight:700\">We breathe in the difference!<\/h2>\n\n\n\n<p class=\"has-1-font-size\" style=\"margin-top:0;margin-bottom:var(--wp--preset--spacing--m)\">After cleaning our ventilation ducts, we really felt an improvement in air quality. Clean, fast and courteous work. Thank you RVI!<\/p>\n\n\n\n<h3 class=\"wp-block-heading has-0-font-size\" id=\"h-david-lemoine\" style=\"margin-top:var(--wp--preset--spacing--auto);margin-bottom:0\"><strong>David Lemoine<\/strong><\/h3>\n<\/div>\n\n\n\n\n\n<div data-aos=\"fade-right\" data-aos-delay=\"200\" data-aos-offset=\"0\" class=\"wp-block-group flex flex-col is-layout-flow wp-block-group-is-layout-flow\">\n<figure class=\"wp-block-image size-full is-resized\"><img decoding=\"async\" src=\"https:\/\/rvipro.ca\/wp-content\/uploads\/2025\/08\/group-24.svg\" alt=\"\" class=\"wp-image-573\" style=\"width:20px\"\/><\/figure>\n\n\n\n<h2 class=\"wp-block-heading has-1-font-size\" id=\"h-a-service-you-can-trust\" style=\"font-style:normal;font-weight:700\">A service you can trust<\/h2>\n\n\n\n<p class=\"has-1-font-size\" style=\"margin-top:0;margin-bottom:var(--wp--preset--spacing--m)\">It was the first time we&#8217;d had our chimney inspected. The technician took the time to explain everything to us. Safe, reassuring work.<\/p>\n\n\n\n<h3 class=\"wp-block-heading has-0-font-size\" id=\"h-sofia-tremblay\" style=\"margin-top:var(--wp--preset--spacing--auto);margin-bottom:0\"><strong>Sofia Tremblay<\/strong><\/h3>\n<\/div>\n\n\n\r\n<\/div><\/div>\n<\/div>\n","protected":false},"excerpt":{"rendered":"","protected":false},"author":1,"featured_media":0,"parent":0,"menu_order":0,"comment_status":"closed","ping_status":"closed","template":"","meta":{"_acf_changed":false,"inline_featured_image":false,"footnotes":""},"class_list":["post-2112","page","type-page","status-publish","hentry"],"acf":[],"yoast_head":"<!-- This site is optimized with the Yoast SEO Premium plugin v25.8 (Yoast SEO v25.9) - https:\/\/yoast.com\/wordpress\/plugins\/seo\/ -->\n<title>About - RVI<\/title>\n<meta name=\"robots\" content=\"index, follow, max-snippet:-1, max-image-preview:large, max-video-preview:-1\" \/>\n<link rel=\"canonical\" href=\"https:\/\/rvipro.ca\/en\/about\/\" \/>\n<meta property=\"og:locale\" content=\"en_US\" \/>\n<meta property=\"og:type\" content=\"article\" \/>\n<meta property=\"og:title\" content=\"About\" \/>\n<meta property=\"og:url\" content=\"https:\/\/rvipro.ca\/en\/about\/\" \/>\n<meta property=\"og:site_name\" content=\"RVI\" \/>\n<meta property=\"article:modified_time\" content=\"2025-11-14T18:15:34+00:00\" \/>\n<meta property=\"og:image\" content=\"https:\/\/rvipro.ca\/wp-content\/uploads\/2025\/09\/frame-3-2.png\" \/>\n\t<meta property=\"og:image:width\" content=\"1\" \/>\n\t<meta property=\"og:image:height\" content=\"1\" \/>\n\t<meta property=\"og:image:type\" content=\"image\/png\" \/>\n<meta name=\"twitter:card\" content=\"summary_large_image\" \/>\n<meta name=\"twitter:label1\" content=\"Est. reading time\" \/>\n\t<meta name=\"twitter:data1\" content=\"1 minute\" \/>\n<script type=\"application\/ld+json\" class=\"yoast-schema-graph\">{\"@context\":\"https:\/\/schema.org\",\"@graph\":[{\"@type\":\"WebPage\",\"@id\":\"https:\/\/rvipro.ca\/en\/about\/\",\"url\":\"https:\/\/rvipro.ca\/en\/about\/\",\"name\":\"About - RVI\",\"isPartOf\":{\"@id\":\"https:\/\/rvipro.ca\/#website\"},\"primaryImageOfPage\":{\"@id\":\"https:\/\/rvipro.ca\/en\/about\/#primaryimage\"},\"image\":{\"@id\":\"https:\/\/rvipro.ca\/en\/about\/#primaryimage\"},\"thumbnailUrl\":\"https:\/\/rvipro.ca\/wp-content\/uploads\/2025\/11\/component-1.svg\",\"datePublished\":\"2025-08-21T20:42:38+00:00\",\"dateModified\":\"2025-11-14T18:15:34+00:00\",\"breadcrumb\":{\"@id\":\"https:\/\/rvipro.ca\/en\/about\/#breadcrumb\"},\"inLanguage\":\"en-US\",\"potentialAction\":[{\"@type\":\"ReadAction\",\"target\":[\"https:\/\/rvipro.ca\/en\/about\/\"]}]},{\"@type\":\"ImageObject\",\"inLanguage\":\"en-US\",\"@id\":\"https:\/\/rvipro.ca\/en\/about\/#primaryimage\",\"url\":\"https:\/\/rvipro.ca\/wp-content\/uploads\/2025\/11\/component-1.svg\",\"contentUrl\":\"https:\/\/rvipro.ca\/wp-content\/uploads\/2025\/11\/component-1.svg\"},{\"@type\":\"BreadcrumbList\",\"@id\":\"https:\/\/rvipro.ca\/en\/about\/#breadcrumb\",\"itemListElement\":[{\"@type\":\"ListItem\",\"position\":1,\"name\":\"Home\",\"item\":\"https:\/\/rvipro.ca\/en\/\"},{\"@type\":\"ListItem\",\"position\":2,\"name\":\"About\"}]},{\"@type\":\"WebSite\",\"@id\":\"https:\/\/rvipro.ca\/#website\",\"url\":\"https:\/\/rvipro.ca\/\",\"name\":\"RVI\",\"description\":\"\",\"publisher\":{\"@id\":\"https:\/\/rvipro.ca\/#organization\"},\"potentialAction\":[{\"@type\":\"SearchAction\",\"target\":{\"@type\":\"EntryPoint\",\"urlTemplate\":\"https:\/\/rvipro.ca\/?s={search_term_string}\"},\"query-input\":{\"@type\":\"PropertyValueSpecification\",\"valueRequired\":true,\"valueName\":\"search_term_string\"}}],\"inLanguage\":\"en-US\"},{\"@type\":\"Organization\",\"@id\":\"https:\/\/rvipro.ca\/#organization\",\"name\":\"RVI\",\"url\":\"https:\/\/rvipro.ca\/\",\"logo\":{\"@type\":\"ImageObject\",\"inLanguage\":\"en-US\",\"@id\":\"https:\/\/rvipro.ca\/#\/schema\/logo\/image\/\",\"url\":\"https:\/\/rvipro.ca\/wp-content\/uploads\/2025\/09\/favicon.png\",\"contentUrl\":\"https:\/\/rvipro.ca\/wp-content\/uploads\/2025\/09\/favicon.png\",\"width\":512,\"height\":512,\"caption\":\"RVI\"},\"image\":{\"@id\":\"https:\/\/rvipro.ca\/#\/schema\/logo\/image\/\"},\"description\":\"Nous combinons ramonage, inspection de chemin\u00e9e et nettoyage complet de ventilation pour \u00e9liminer les risques d\u2019incendie et am\u00e9liorer la qualit\u00e9 de l\u2019air que vous respirez.\",\"email\":\"info@rvipro.ca\",\"telephone\":\"438-228-1118\",\"legalName\":\"RVI\",\"foundingDate\":\"2025-09-05\",\"numberOfEmployees\":{\"@type\":\"QuantitativeValue\",\"minValue\":\"11\",\"maxValue\":\"50\"}}]}<\/script>\n<!-- \/ Yoast SEO Premium plugin. -->","yoast_head_json":{"title":"About - RVI","robots":{"index":"index","follow":"follow","max-snippet":"max-snippet:-1","max-image-preview":"max-image-preview:large","max-video-preview":"max-video-preview:-1"},"canonical":"https:\/\/rvipro.ca\/en\/about\/","og_locale":"en_US","og_type":"article","og_title":"About","og_url":"https:\/\/rvipro.ca\/en\/about\/","og_site_name":"RVI","article_modified_time":"2025-11-14T18:15:34+00:00","og_image":[{"url":"https:\/\/rvipro.ca\/wp-content\/uploads\/2025\/09\/frame-3-2.png","width":1,"height":1,"type":"image\/png"}],"twitter_card":"summary_large_image","twitter_misc":{"Est. reading time":"1 minute"},"schema":{"@context":"https:\/\/schema.org","@graph":[{"@type":"WebPage","@id":"https:\/\/rvipro.ca\/en\/about\/","url":"https:\/\/rvipro.ca\/en\/about\/","name":"About - RVI","isPartOf":{"@id":"https:\/\/rvipro.ca\/#website"},"primaryImageOfPage":{"@id":"https:\/\/rvipro.ca\/en\/about\/#primaryimage"},"image":{"@id":"https:\/\/rvipro.ca\/en\/about\/#primaryimage"},"thumbnailUrl":"https:\/\/rvipro.ca\/wp-content\/uploads\/2025\/11\/component-1.svg","datePublished":"2025-08-21T20:42:38+00:00","dateModified":"2025-11-14T18:15:34+00:00","breadcrumb":{"@id":"https:\/\/rvipro.ca\/en\/about\/#breadcrumb"},"inLanguage":"en-US","potentialAction":[{"@type":"ReadAction","target":["https:\/\/rvipro.ca\/en\/about\/"]}]},{"@type":"ImageObject","inLanguage":"en-US","@id":"https:\/\/rvipro.ca\/en\/about\/#primaryimage","url":"https:\/\/rvipro.ca\/wp-content\/uploads\/2025\/11\/component-1.svg","contentUrl":"https:\/\/rvipro.ca\/wp-content\/uploads\/2025\/11\/component-1.svg"},{"@type":"BreadcrumbList","@id":"https:\/\/rvipro.ca\/en\/about\/#breadcrumb","itemListElement":[{"@type":"ListItem","position":1,"name":"Home","item":"https:\/\/rvipro.ca\/en\/"},{"@type":"ListItem","position":2,"name":"About"}]},{"@type":"WebSite","@id":"https:\/\/rvipro.ca\/#website","url":"https:\/\/rvipro.ca\/","name":"RVI","description":"","publisher":{"@id":"https:\/\/rvipro.ca\/#organization"},"potentialAction":[{"@type":"SearchAction","target":{"@type":"EntryPoint","urlTemplate":"https:\/\/rvipro.ca\/?s={search_term_string}"},"query-input":{"@type":"PropertyValueSpecification","valueRequired":true,"valueName":"search_term_string"}}],"inLanguage":"en-US"},{"@type":"Organization","@id":"https:\/\/rvipro.ca\/#organization","name":"RVI","url":"https:\/\/rvipro.ca\/","logo":{"@type":"ImageObject","inLanguage":"en-US","@id":"https:\/\/rvipro.ca\/#\/schema\/logo\/image\/","url":"https:\/\/rvipro.ca\/wp-content\/uploads\/2025\/09\/favicon.png","contentUrl":"https:\/\/rvipro.ca\/wp-content\/uploads\/2025\/09\/favicon.png","width":512,"height":512,"caption":"RVI"},"image":{"@id":"https:\/\/rvipro.ca\/#\/schema\/logo\/image\/"},"description":"Nous combinons ramonage, inspection de chemin\u00e9e et nettoyage complet de ventilation pour \u00e9liminer les risques d\u2019incendie et am\u00e9liorer la qualit\u00e9 de l\u2019air que vous respirez.","email":"info@rvipro.ca","telephone":"438-228-1118","legalName":"RVI","foundingDate":"2025-09-05","numberOfEmployees":{"@type":"QuantitativeValue","minValue":"11","maxValue":"50"}}]}},"_links":{"self":[{"href":"https:\/\/rvipro.ca\/en\/wp-json\/wp\/v2\/pages\/2112","targetHints":{"allow":["GET"]}}],"collection":[{"href":"https:\/\/rvipro.ca\/en\/wp-json\/wp\/v2\/pages"}],"about":[{"href":"https:\/\/rvipro.ca\/en\/wp-json\/wp\/v2\/types\/page"}],"author":[{"embeddable":true,"href":"https:\/\/rvipro.ca\/en\/wp-json\/wp\/v2\/users\/1"}],"replies":[{"embeddable":true,"href":"https:\/\/rvipro.ca\/en\/wp-json\/wp\/v2\/comments?post=2112"}],"version-history":[{"count":4,"href":"https:\/\/rvipro.ca\/en\/wp-json\/wp\/v2\/pages\/2112\/revisions"}],"predecessor-version":[{"id":2219,"href":"https:\/\/rvipro.ca\/en\/wp-json\/wp\/v2\/pages\/2112\/revisions\/2219"}],"wp:attachment":[{"href":"https:\/\/rvipro.ca\/en\/wp-json\/wp\/v2\/media?parent=2112"}],"curies":[{"name":"wp","href":"https:\/\/api.w.org\/{rel}","templated":true}]}}